{"id":160,"date":"2019-10-21T12:23:41","date_gmt":"2019-10-21T10:23:41","guid":{"rendered":"https:\/\/3tindustry40.eu\/?page_id=160"},"modified":"2019-10-23T18:08:14","modified_gmt":"2019-10-23T16:08:14","slug":"legal-notice","status":"publish","type":"page","link":"https:\/\/3tindustry40.eu\/index.php\/legal-notice\/","title":{"rendered":"Legal Notice"},"content":{"rendered":"\n<p>Mentions l\u00e9gales<br> Le pr\u00e9sent site Web et l\u2019ensemble de son contenu (textes, images fixes ou anim\u00e9es) est prot\u00e9g\u00e9 par le droit d\u2019auteur.<br> L\u2019autorisation de reproduction ne vous est conc\u00e9d\u00e9e que sous forme  num\u00e9rique sur votre ordinateur de consultation, aux fins de  visualisation des pages ouvertes par votre logiciel de navigation.  L\u2019impression papier est autoris\u00e9e aux fins de copies priv\u00e9es, \u00e0 l\u2019usage  exclusif du copiste au sens de l\u2019article L. 122-5 2\u00b0 du Code de la  Propri\u00e9t\u00e9 Intellectuelle. L\u2019imbrication d\u2019un contenu du site internet  dans un autre site est interdite sans l\u2019autorisation au pr\u00e9alable de  l\u2019\u00e9quipe du projet 3tindustry40. Le non-respect de cette interdiction  constitue une contrefa\u00e7on pouvant engager la responsabilit\u00e9 civile et  p\u00e9nale du contrefacteur.<br> L\u2019\u00e9quipe du projet 3tindustry40 s\u2019efforce d\u2019assurer l\u2019exactitude et la mise \u00e0  jour des informations diffus\u00e9es sur les pages du site, dont elle se  r\u00e9serve le droit de corriger, \u00e0 tout moment et sans pr\u00e9avis, le contenu.  L\u2019\u00e9quipe du projet 3tindustry40 ne peut cependant garantir l\u2019exhaustivit\u00e9 ou  l\u2019absence de modification par un tiers (intrusion, virus). En outre,  elle d\u00e9cline toute responsabilit\u00e9 en cas d\u2019erreur ou d\u2019omission dans ces  informations et n\u2019est pas responsable de l\u2019utilisation qui pourra \u00eatre  faite par l\u2019internaute des informations qu\u2019il pourra trouver sur le  site.<br> En utilisant le pr\u00e9sent site web, vous assumez les risques relatifs \u00e0 la  compl\u00e9tude, l\u2019exactitude, l\u2019ad\u00e9quation ou l\u2019actualit\u00e9 de l\u2019information.<br> Le pr\u00e9sent site Web a \u00e9t\u00e9 cr\u00e9\u00e9 en France. En utilisant le pr\u00e9sent site  Web, vous acceptez les conditions d\u2019utilisation d\u00e9crites ci-avant, sans  pr\u00e9judice de tous recours de nature contractuelle ou d\u00e9lictuelle pouvant  \u00eatre exerc\u00e9s par la structure.<br> Tout litige portant sur l\u2019interpr\u00e9tation ou l\u2019ex\u00e9cution d\u2019un engagement  contractuel pr\u00e9vu au pr\u00e9sent site sera de la comp\u00e9tence exclusive des  Tribunaux Fran\u00e7ais faisant application de la Loi Fran\u00e7aise.<br> Directeur de publication\u00a0: Consortium projet Erasmus+ 2016\u20101\u2010ES01\u2010KA202\u2010025688<br> Responsables \u00e9ditorial\u00a0: Mecanic Vall\u00e9e<br> Gestion du site\u00a0: Mecanic Vall\u00e9e<br> Contact\u00a0:  31 rue des tuileries, ZI des Prades 12110 Viviez \u2013 info@3tindustry40.eu<\/p>\n\n\n\n<p>Prestataire h\u00e9bergeur&nbsp;:<br> OVH \u2013 H\u00e9bergement et solutions internet<br> Le site internet est h\u00e9berg\u00e9 chez le prestataire OVH.<br> 2 rue Kellermann \u2013 59100 Roubaix<br> Web : www.ovh.fr<br> Conception et R\u00e9alisation du site&nbsp;: Dimitri Danel<br> Photos et Vid\u00e9os&nbsp;: Consortium projet Erasmus+ 2016\u20101\u2010ES01\u2010KA202\u2010025688<\/p>\n\n\n\n<p>Droit de propri\u00e9t\u00e9 intellectuelle&nbsp;:<br>\nTous les \u00e9l\u00e9ments iconographiques (images, photographies, illustrations)\n et les textes mis en ligne sur le site sont la propri\u00e9t\u00e9 de leurs \nauteurs. Toute reproduction sera assujettie \u00e0 l\u2019autorisation de ceux-ci.<\/p>\n\n\n\n<p>Politique de Confidentialit\u00e9<\/p>\n\n\n\n<p>1. Charte de confidentialit\u00e9<\/p>\n\n\n\n<p>Collecte de l\u2019information<br> Nous recueillons des informations via notre site internet lorsque vous  compl\u00e9tez un formulaire. Les informations recueillies incluent votre  nom, votre adresse de messagerie, le nom de votre soci\u00e9t\u00e9 et le corps du  message.<br> Utilisation des informations<br> Toute les informations que nous recueillons aupr\u00e8s de vous peuvent \u00eatre utilis\u00e9es pour :<br> Am\u00e9liorer le site internet du projet 3tindustry40;<br> Am\u00e9liorer nos services et r\u00e9pondre au mieux aux besoins des internautes;<br> Vous contacter par e-mail.<br> Divulgation \u00e0 des tiers<br> Nous ne vendons, n\u2019\u00e9changeons et ne transf\u00e9rons pas vos informations personnelles identifiables \u00e0 des tiers.<br> Nous pensons qu\u2019il est n\u00e9cessaire de partager des informations afin  d\u2019enqu\u00eater, de pr\u00e9venir ou de prendre des mesures concernant des  activit\u00e9s ill\u00e9gales, fraudes pr\u00e9sum\u00e9es, situations impliquant des  menaces potentielles \u00e0 la s\u00e9curit\u00e9 physique de toute personne,  violations de nos conditions d\u2019utilisation, ou quand la loi nous y  contraint.<br> Protection des informations<br> Nous mettons en \u0153uvre une vari\u00e9t\u00e9 de mesures de s\u00e9curit\u00e9 pour pr\u00e9server  la s\u00e9curit\u00e9 de vos informations personnelles. Nous utilisons le  protocole SSL (Secure Socket Layer) pour prot\u00e9ger les informations  sensibles transmises en ligne. Nous prot\u00e9geons \u00e9galement vos  informations hors ligne. Seule l\u2019\u00e9quipe du projet 3tindustry40 qui a besoin  d\u2019effectuer un travail sp\u00e9cifique acc\u00e8s aux informations personnelles  identifiables. Les ordinateurs et serveurs utilis\u00e9s pour stocker des  informations personnelles identifiables sont conserv\u00e9s dans un  environnement s\u00e9curis\u00e9.<\/p>\n\n\n\n<p>2. Politiques des cookies<\/p>\n\n\n\n<p>Que sont les cookies?<br>\nLes cookies sont des petits fichiers texte qui sont stock\u00e9s par votre \nnavigateur sur votre ordinateur ou support mobile pour enregistrer \ncertaines informations ou fichiers d\u2019images, tels que les pixels. La \nprochaine fois que vous visiterez notre site web sur le m\u00eame dispositif,\n les informations enregistr\u00e9es dans les cookies seront transmises en \ncons\u00e9quence soit \u00e0 notre site web (\u00ab cookie de premi\u00e8re partie \u00bb), soit \u00e0\n un autre site web auquel le cookie appartient (\u00ab cookie de tiers \u00bb).<\/p>\n\n\n\n<p>Gr\u00e2ce \u00e0 cet \u00e9change d\u2019informations enregistr\u00e9es lors de vos \ndiff\u00e9rents passages sur le site web en question, il reconna\u00eet que vous \nutilisez les m\u00eames navigateurs et dispositif. Nous utilisons ces \ninformations pour pouvoir concevoir et afficher le site web de mani\u00e8re \noptimale et en fonction de vos pr\u00e9f\u00e9rences.<br>\nEn cons\u00e9quence, seul le cookie lui-m\u00eame est identifi\u00e9 sur votre \nappareil. Vos donn\u00e9es personnelles seront enregistr\u00e9es qu\u2019avec votre \nconsentement expr\u00e8s ou si cela est strictement n\u00e9cessaire pour pouvoir \nutiliser le service qui vous est offert et donc auquel vous avez acc\u00e8s.<br>\nConsentement de l\u2019utilisation des cookies<br>\nLes cookies qui ne sont pas absolument n\u00e9cessaires pour rendre les \nservices disponibles sur notre site web ne sont utilis\u00e9s que lorsque \nnous recevons votre consentement. D\u00e8s que vous continuez \u00e0 utiliser \nactivement notre site web apr\u00e8s l\u2019affichage de la banni\u00e8re de cookies, \nvous consentez \u00e0 l\u2019utilisation de ces derniers.<\/p>\n\n\n\n<p>Ces cookies soumis au consentement suivants sont utilis\u00e9s sur notre site :<\/p>\n\n\n\n<p>Nom du Cookie : SERVERID31394<br>\nFonction : Identification du site sur la plateforme d\u2019h\u00e9bergement mutualis\u00e9e<br>\nExpiration : \u00c0 la fin de la session<\/p>\n\n\n\n<p>D\u00e9sactivation et suppression de tous les cookies<\/p>\n\n\n\n<p>Vous pouvez modifier vos pr\u00e9f\u00e9rences de confidentialit\u00e9s et choisir \nde d\u00e9sactiver les cookies dans votre navigateur \u00e0 tout moment en suivant\n les \u00adinstructions fournies dans les fichiers d\u2019aide de votre \nnavigateur. Vous pouvez \u00e9galement param\u00e9trer vos cookies directement \ndans les r\u00e9glages de votre navigateur.<br>\nGoogle Chrome&nbsp;: https:\/\/support.google.com\/chrome\/answer\/95647?hl=fr<br>\nInternet Explorer&nbsp;: http:\/\/windows.microsoft.com\/fr-fr\/internet-explorer\/delete-manage-cookies#ie=ie-11<br>\nMozilla Firefox&nbsp;: http:\/\/support.mozilla.org\/fr\/kb\/activer-desactiver-cookies<br>\nSafari&nbsp;: http:\/\/www.apple.com\/fr\/privacy\/use-of-cookies\/<br>\nConsentement<\/p>\n\n\n\n<p>En utilisant notre site, vous consentez \u00e0 notre politique de confidentialit\u00e9.<\/p>\n","protected":false},"excerpt":{"rendered":"<p>Mentions l\u00e9gales Le pr\u00e9sent site Web et l\u2019ensemble de son contenu (textes, images fixes ou anim\u00e9es) est prot\u00e9g\u00e9 par le droit d\u2019auteur. L\u2019autorisation de reproduction ne vous est conc\u00e9d\u00e9e que &#8230;<\/p>\n","protected":false},"author":1,"featured_media":0,"parent":0,"menu_order":0,"comment_status":"closed","ping_status":"closed","template":"","meta":{"spay_email":""},"_links":{"self":[{"href":"https:\/\/3tindustry40.eu\/index.php\/wp-json\/wp\/v2\/pages\/160"}],"collection":[{"href":"https:\/\/3tindustry40.eu\/index.php\/wp-json\/wp\/v2\/pages"}],"about":[{"href":"https:\/\/3tindustry40.eu\/index.php\/wp-json\/wp\/v2\/types\/page"}],"author":[{"embeddable":true,"href":"https:\/\/3tindustry40.eu\/index.php\/wp-json\/wp\/v2\/users\/1"}],"replies":[{"embeddable":true,"href":"https:\/\/3tindustry40.eu\/index.php\/wp-json\/wp\/v2\/comments?post=160"}],"version-history":[{"count":5,"href":"https:\/\/3tindustry40.eu\/index.php\/wp-json\/wp\/v2\/pages\/160\/revisions"}],"predecessor-version":[{"id":309,"href":"https:\/\/3tindustry40.eu\/index.php\/wp-json\/wp\/v2\/pages\/160\/revisions\/309"}],"wp:attachment":[{"href":"https:\/\/3tindustry40.eu\/index.php\/wp-json\/wp\/v2\/media?parent=160"}],"curies":[{"name":"wp","href":"https:\/\/api.w.org\/{rel}","templated":true}]}}